{"id":3178,"date":"2022-04-08T16:33:45","date_gmt":"2022-04-08T13:33:45","guid":{"rendered":"https:\/\/sikia-apartments.gr\/covid-19\/"},"modified":"2023-03-23T17:59:12","modified_gmt":"2023-03-23T14:59:12","slug":"covid-19","status":"publish","type":"page","link":"https:\/\/sikia-apartments.gr\/de\/covid-19\/","title":{"rendered":"Covid-19"},"content":{"rendered":"<section class=\"wpb-content-wrapper\"><p>[vc_row full_width=&#8221;stretch_row&#8221; el_class=&#8221;page-section section1&#8243; woodmart_css_id=&#8221;62503a78815cb&#8221; responsive_spacing=&#8221;eyJwYXJhbV90eXBlIjoid29vZG1hcnRfcmVzcG9uc2l2ZV9zcGFjaW5nIiwic2VsZWN0b3JfaWQiOiI2MjUwM2E3ODgxNWNiIiwic2hvcnRjb2RlIjoidmNfcm93IiwiZGF0YSI6eyJ0YWJsZXQiOnt9LCJtb2JpbGUiOnt9fX0=&#8221; mobile_bg_img_hidden=&#8221;no&#8221; tablet_bg_img_hidden=&#8221;no&#8221; woodmart_parallax=&#8221;0&#8243; woodmart_gradient_switch=&#8221;no&#8221; woodmart_box_shadow=&#8221;no&#8221; wd_z_index=&#8221;no&#8221; woodmart_disable_overflow=&#8221;0&#8243; row_reverse_mobile=&#8221;0&#8243; row_reverse_tablet=&#8221;0&#8243; css=&#8221;.vc_custom_1649425020422{background-color: #c9dadd !important;}&#8221;][vc_column][vc_empty_space height=&#8221;100px&#8221; woodmart_hide_large=&#8221;0&#8243; woodmart_hide_medium=&#8221;0&#8243; woodmart_hide_small=&#8221;0&#8243; woodmart_hide_extra_small=&#8221;0&#8243;]\t\t\t<link rel=\"stylesheet\" id=\"wd-text-block-css\" href=\"https:\/\/sikia-apartments.gr\/wp-content\/themes\/woodmart\/css\/parts\/el-text-block.min.css?ver=7.1.4\" type=\"text\/css\" media=\"all\" \/> \t\t\t\t\t<div id=\"wd-641c693862e9a\" class=\"wd-text-block wd-wpb reset-last-child wd-rs-641c693862e9a text-left wd-font-weight-400 wd-fontsize-custom  section-text text1\">\n\t\t\t<h2>BESONDERES GESUNDHEITSBETRIEBSPROTOKOLL F\u00dcR CAMPING SIKIA<\/h2>\n<h3>ALLGEMEINES<\/h3>\n<ul>\n<li>Das Personal des Campingplatzes wird je nach seinen Aufgaben gem\u00e4\u00df den Anweisungen des NPHO und der WHO unterrichtet und geschult<\/li>\n<li>Angemessene pers\u00f6nliche Schutzausr\u00fcstung f\u00fcr das gesamte Personal<\/li>\n<li>Angepasste Check-in-Zeit von 15:00 Uhr und Check-out-Zeit bis 11:00 Uhr<\/li>\n<li>Stationen mit H\u00e4ndedesinfektionsmittel auf Alkoholbasis in allen \u00f6ffentlichen Bereichen und \u00f6ffentlichen Hygienestellen<\/li>\n<li>Verbesserte Reinigung aller \u00f6ffentlichen Bereiche und insbesondere von Bereichen mit hoher Ber\u00fchrung<\/li>\n<li>Verwendung von NPHO-zertifizierten Reinigungsprodukten und Schulung des Personals zu Reinigungs- und Hygieneprotokollen<\/li>\n<li>Schilder in allen \u00f6ffentlichen Bereichen mit NPHO-Gesundheits- und Hygieneempfehlungen<\/li>\n<li>In allen Innen- und Au\u00dfenbereichen muss eine soziale Distanz von 1,5 Metern zwischen Personen eingehalten werden, die nicht zur selben Familie oder Gruppe geh\u00f6ren<\/li>\n<li>Logbuch zur Aufzeichnung aller Personen, die sich derzeit auf dem Campingplatz aufhalten oder dort aufgehalten haben<\/li>\n<li>Vorf\u00e4lle buchen, um alle COVID-19-Verdachtsf\u00e4lle und best\u00e4tigten F\u00e4lle sowie die ergriffenen Ma\u00dfnahmen aufzuzeichnen<\/li>\n<li>Schriftlicher Plan zur Behandlung von Verdachtsf\u00e4llen von Covid-19<\/li>\n<li>F\u00fcr die Umsetzung des schriftlichen Plans und des Gesundheitsprotokolls des Campingplatzes wird ein kompetenter Beamter ernannt, um die Ausbreitung von Covid-19 zu verhindern<\/li>\n<li>Ausgewiesener Isolationsraum f\u00fcr eine mit COVID-19 infizierte Person<\/li>\n<\/ul>\n<h3>REZEPTION<\/h3>\n<ul>\n<li>Alle Personen, die das Gel\u00e4nde betreten, unterliegen obligatorischen kontaktlosen Temperaturpr\u00fcfungen<\/li>\n<li>Schilder am Eingang mit NPHO Gesundheits- und Hygieneempfehlungen<\/li>\n<li>Aktualisierte Grundrisse, um die physische Distanzierung zu f\u00f6rdern und Warteschlangen zu vermeiden<\/li>\n<li>Verf\u00fcgbares medizinisches Kit f\u00fcr den Fall eines COVID-19-Vorfalls in der Unterkunft<\/li>\n<li>Installation von transparenten Abschirmungen<\/li>\n<li>Kontaktloses Einchecken<\/li>\n<li>Concierge-Informationen werden elektronisch \u00fcbergeben<\/li>\n<li>Desinfektion von Zimmerschl\u00fcsseln<\/li>\n<li>Nicht-G\u00e4ste d\u00fcrfen die Zimmer nicht betreten<\/li>\n<li>Das Betreten, Durchqueren oder Verweilen auf dem Campingplatz und die Nutzung von Campingeinrichtungen ist Personen, die nicht als G\u00e4ste registriert sind, nicht gestattet<\/li>\n<li>Angemessene pers\u00f6nliche Schutzausr\u00fcstung f\u00fcr G\u00e4ste auf Anfrage erh\u00e4ltlich<\/li>\n<\/ul>\n<h3>SANIT\u00c4REINRICHTUNGEN<\/h3>\n<ul>\n<li>Reinigungs- und Desinfektionsplan gem\u00e4\u00df den NPHO-Richtlinien<\/li>\n<li>Verbessertes Reinigungs- und Desinfektionsprotokoll gem\u00e4\u00df den NPHO-Richtlinien, nachdem Personen, bei denen der Verdacht besteht \/ best\u00e4tigt wurde, dass sie COVID-19 haben, in der Einrichtung waren<\/li>\n<li>Desinfektion und Sch\u00e4dlingsbek\u00e4mpfung durch einen zertifizierten Betreiber vor Er\u00f6ffnung der Unterkunft<\/li>\n<li>Schilder an den Eing\u00e4ngen mit NPHO-Gesundheits- und Hygieneempfehlungen<\/li>\n<li>Grundrisse aktualisiert, um die physische Distanzierung zu f\u00f6rdern und Warteschlangen zu vermeiden<\/li>\n<\/ul>\n<h3>GEMEINSCHAFTSBEREICHE<\/h3>\n<p>Reinigungs- und Desinfektionsplan gem\u00e4\u00df den NPHO-Richtlinien f\u00fcr Folgendes Bereiche:<\/p>\n<ul>\n<li>Trinkwasserversorgung \u2013 Wasserh\u00e4hne, Kappen, Schl\u00e4uche und andere Ger\u00e4te zur Wasserversorgung<\/li>\n<li>Chemische Toilettenentleerungspunkte<\/li>\n<li>Geteilte K\u00fchlschrankt\u00fcrgriffe<\/li>\n<li>High-Touch-Punkte an Steckdosen<\/li>\n<li>M\u00fclleimer<\/li>\n<\/ul>\n<h3>LEBENSMITTELGESCH\u00c4FT<\/h3>\n<ul>\n<li>Reinigungs- und Desinfektionsplan gem\u00e4\u00df den NPHO-Richtlinien<\/li>\n<li>Grundrisse aktualisiert, um die physische Distanzierung zu f\u00f6rdern und Warteschlangen zu vermeiden<\/li>\n<li>Installation von transparenten Abschirmungen<\/li>\n<\/ul>\n<h3>ESSEN &amp; GETR\u00c4NKE<\/h3>\n<ul>\n<li>Reinigungs- und Desinfektionsplan gem\u00e4\u00df NPHO- und HFA-Richtlinien<\/li>\n<li>Einhaltung der HACCP-Regeln<\/li>\n<li>Bescheinigung \u00fcber den ordnungsgem\u00e4\u00dfen Betrieb von Waschmaschinen und Trocknern<\/li>\n<li>Desinfektion und Sch\u00e4dlingsbek\u00e4mpfung durch einen zertifizierten Betreiber vor Er\u00f6ffnung des Restaurants<\/li>\n<li>Grundrisse aktualisiert, um die physische Distanzierung zu f\u00f6rdern und Warteschlangen zu vermeiden<\/li>\n<li>Installation von transparenten Abschirmungen<\/li>\n<li>Neuanordnung von Tischen und St\u00fchlen gem\u00e4\u00df den geltenden Rechtsvorschriften<\/li>\n<\/ul>\n<h3>HAUSHALTSPFLEGE<\/h3>\n<ul>\n<li>Reinigungs- und Desinfektionsplan gem\u00e4\u00df NPHO-Richtlinien<\/li>\n<li>Verbessertes Reinigungs- und Desinfektionsprotokoll gem\u00e4\u00df den NPHO-Richtlinien, nachdem Personen, bei denen der Verdacht besteht \/ best\u00e4tigt wurde, dass sie COVID-19 haben, in der Einrichtung waren<\/li>\n<li>Reinigung, Desinfektion und ausreichende Bel\u00fcftung des Zimmers nach der Abreise der G\u00e4ste und vor der Ankunft des n\u00e4chsten Gastes<\/li>\n<li>Bescheinigung \u00fcber den ordnungsgem\u00e4\u00dfen Betrieb von Waschmaschinen und Trocknern<\/li>\n<li>Bescheinigung \u00fcber den ordnungsgem\u00e4\u00dfen Betrieb von Klimaanlagen<\/li>\n<li>Desinfektion und Sch\u00e4dlingsbek\u00e4mpfung durch einen zertifizierten Betreiber vor Er\u00f6ffnung des Hotels<\/li>\n<li>Anpassung des t\u00e4glichen Leinen- und Handtuchwechsels<\/li>\n<li>Entfernen von Dekorationsgegenst\u00e4nden und Vorh\u00e4ngen<\/li>\n<li>Entfernen unn\u00f6tiger Objekte wie Brosch\u00fcren und Informationsbrosch\u00fcren<\/li>\n<li>Individuell versiegelte und sch\u00fctzende Tasche f\u00fcr TV- und Klimaanlagenfernbedienungen<\/li>\n<li>Verwendung eines Dampfgarers zur Desinfektion aller Stoffoberfl\u00e4chen<\/li>\n<li>Bettw\u00e4sche und Handt\u00fccher werden gem\u00e4\u00df den NPHO-Richtlinien mit der w\u00e4rmsten zul\u00e4ssigen Wassereinstellung gewaschen und in versiegelten Beuteln in die R\u00e4ume gebracht.<\/li>\n<\/ul>\n<h3>N\u00dcTZLICHE LINKS<\/h3>\n<ul>\n<li><a title=\"https:\/\/eody.gov.gr\/en\/\" role=\"link\" href=\"https:\/\/eody.gov.gr\/en\/\" target=\"_blank\" rel=\"noopener\">Nationale Organisation f\u00fcr \u00f6ffentliche Gesundheit<\/a><\/li>\n<li><a title=\"https:\/\/covid19.gov.gr\/\" role=\"link\" href=\"https:\/\/covid19.gov.gr\/\" target=\"_blank\" rel=\"noopener\">CoVid19.gov.gr<\/a><\/li>\n<li><a title=\"https:\/\/www.who.int\/\" role=\"link\" href=\"https:\/\/www.who.int\/\" target=\"_blank\" rel=\"noopener\">Weltgesundheitsorganisation<\/a><\/li>\n<li><a title=\"https:\/\/www.moh.gov.gr\/\" role=\"link\" href=\"https:\/\/www.moh.gov.gr\/\" target=\"_blank\" rel=\"noopener\">Griechisches Gesundheitsministerium<\/a><\/li>\n<\/ul>\n\t\t<\/div>\n\t\t[vc_empty_space height=&#8221;100px&#8221; woodmart_hide_large=&#8221;0&#8243; woodmart_hide_medium=&#8221;0&#8243; woodmart_hide_small=&#8221;0&#8243; woodmart_hide_extra_small=&#8221;0&#8243;][\/vc_column][\/vc_row]<\/p>\n<\/section>","protected":false},"excerpt":{"rendered":"<p>[vc_row full_width=&#8221;stretch_row&#8221; el_class=&#8221;page-section section1&#8243; woodmart_css_id=&#8221;62503a78815cb&#8221; responsive_spacing=&#8221;eyJwYXJhbV90eXBlIjoid29vZG1hcnRfcmVzcG9uc2l2ZV9zcGFjaW5nIiwic2VsZWN0b3JfaWQiOiI2MjUwM2E3ODgxNWNiIiwic2hvcnRjb2RlIjoidmNfcm93IiwiZGF0YSI6eyJ0YWJsZXQiOnt9LCJtb2JpbGUiOnt9fX0=&#8221; mobile_bg_img_hidden=&#8221;no&#8221; tablet_bg_img_hidden=&#8221;no&#8221; woodmart_parallax=&#8221;0&#8243; woodmart_gradient_switch=&#8221;no&#8221; woodmart_box_shadow=&#8221;no&#8221; wd_z_index=&#8221;no&#8221; woodmart_disable_overflow=&#8221;0&#8243; row_reverse_mobile=&#8221;0&#8243; row_reverse_tablet=&#8221;0&#8243; css=&#8221;.vc_custom_1649425020422{background-color: #c9dadd !important;}&#8221;][vc_column][vc_empty_space height=&#8221;100px&#8221; woodmart_hide_large=&#8221;0&#8243;<\/p>\n","protected":false},"author":2,"featured_media":0,"parent":0,"menu_order":0,"comment_status":"closed","ping_status":"closed","template":"","meta":{"footnotes":""},"class_list":["post-3178","page","type-page","status-publish","hentry"],"_links":{"self":[{"href":"https:\/\/sikia-apartments.gr\/de\/wp-json\/wp\/v2\/pages\/3178","targetHints":{"allow":["GET"]}}],"collection":[{"href":"https:\/\/sikia-apartments.gr\/de\/wp-json\/wp\/v2\/pages"}],"about":[{"href":"https:\/\/sikia-apartments.gr\/de\/wp-json\/wp\/v2\/types\/page"}],"author":[{"embeddable":true,"href":"https:\/\/sikia-apartments.gr\/de\/wp-json\/wp\/v2\/users\/2"}],"replies":[{"embeddable":true,"href":"https:\/\/sikia-apartments.gr\/de\/wp-json\/wp\/v2\/comments?post=3178"}],"version-history":[{"count":2,"href":"https:\/\/sikia-apartments.gr\/de\/wp-json\/wp\/v2\/pages\/3178\/revisions"}],"predecessor-version":[{"id":3186,"href":"https:\/\/sikia-apartments.gr\/de\/wp-json\/wp\/v2\/pages\/3178\/revisions\/3186"}],"wp:attachment":[{"href":"https:\/\/sikia-apartments.gr\/de\/wp-json\/wp\/v2\/media?parent=3178"}],"curies":[{"name":"wp","href":"https:\/\/api.w.org\/{rel}","templated":true}]}}