{"id":3209,"date":"2022-04-08T17:00:43","date_gmt":"2022-04-08T14:00:43","guid":{"rendered":"https:\/\/sikia-apartments.gr\/policy\/"},"modified":"2023-03-24T17:41:57","modified_gmt":"2023-03-24T14:41:57","slug":"policy","status":"publish","type":"page","link":"https:\/\/sikia-apartments.gr\/de\/policy\/","title":{"rendered":"Datenschutzerkl\u00e4rung"},"content":{"rendered":"<section class=\"wpb-content-wrapper\"><p>[vc_row full_width=&#8221;stretch_row&#8221; el_class=&#8221;page-section section1&#8243; woodmart_css_id=&#8221;62503a78815cb&#8221; responsive_spacing=&#8221;eyJwYXJhbV90eXBlIjoid29vZG1hcnRfcmVzcG9uc2l2ZV9zcGFjaW5nIiwic2VsZWN0b3JfaWQiOiI2MjUwM2E3ODgxNWNiIiwic2hvcnRjb2RlIjoidmNfcm93IiwiZGF0YSI6eyJ0YWJsZXQiOnt9LCJtb2JpbGUiOnt9fX0=&#8221; mobile_bg_img_hidden=&#8221;no&#8221; tablet_bg_img_hidden=&#8221;no&#8221; woodmart_parallax=&#8221;0&#8243; woodmart_gradient_switch=&#8221;no&#8221; woodmart_box_shadow=&#8221;no&#8221; wd_z_index=&#8221;no&#8221; woodmart_disable_overflow=&#8221;0&#8243; row_reverse_mobile=&#8221;0&#8243; row_reverse_tablet=&#8221;0&#8243; css=&#8221;.vc_custom_1649425020422{background-color: #c9dadd !important;}&#8221;][vc_column width=&#8221;5\/6&#8243; css=&#8221;.vc_custom_1678441498487{padding-top: 80px !important;padding-bottom: 100px !important;}&#8221; woodmart_css_id=&#8221;640afc08efbc0&#8243; parallax_scroll=&#8221;no&#8221; woodmart_sticky_column=&#8221;false&#8221; wd_collapsible_content_switcher=&#8221;no&#8221; wd_column_role_offcanvas_desktop=&#8221;no&#8221; wd_column_role_offcanvas_tablet=&#8221;no&#8221; wd_column_role_offcanvas_mobile=&#8221;no&#8221; wd_column_role_content_desktop=&#8221;no&#8221; wd_column_role_content_tablet=&#8221;no&#8221; wd_column_role_content_mobile=&#8221;no&#8221; mobile_bg_img_hidden=&#8221;no&#8221; tablet_bg_img_hidden=&#8221;no&#8221; woodmart_parallax=&#8221;0&#8243; woodmart_box_shadow=&#8221;no&#8221; responsive_spacing=&#8221;eyJwYXJhbV90eXBlIjoid29vZG1hcnRfcmVzcG9uc2l2ZV9zcGFjaW5nIiwic2VsZWN0b3JfaWQiOiI2NDBhZmMwOGVmYmMwIiwic2hvcnRjb2RlIjoidmNfY29sdW1uIiwiZGF0YSI6eyJ0YWJsZXQiOnsicGFkZGluZy10b3AiOiI1MHB4IiwicGFkZGluZy1ib3R0b20iOiI1MHB4In0sIm1vYmlsZSI6eyJwYWRkaW5nLXRvcCI6IjUwcHgiLCJwYWRkaW5nLWJvdHRvbSI6IjUwcHgifX19&#8243; mobile_reset_margin=&#8221;no&#8221; tablet_reset_margin=&#8221;no&#8221; wd_z_index=&#8221;no&#8221; offset=&#8221;vc_col-md-offset-0 vc_col-md-12 vc_col-xs-offset-1 vc_col-xs-10&#8243;]\t\t\t<link rel=\"stylesheet\" id=\"wd-text-block-css\" href=\"https:\/\/sikia-apartments.gr\/wp-content\/themes\/woodmart\/css\/parts\/el-text-block.min.css?ver=7.1.4\" type=\"text\/css\" media=\"all\" \/> \t\t\t\t\t<div id=\"wd-641db6922d7fd\" class=\"wd-text-block wd-wpb reset-last-child wd-rs-641db6922d7fd text-left wd-font-weight-400 wd-fontsize-custom  section-text text1\">\n\t\t\t<div id=\"wd-61bc7d7858794\" class=\"woodmart-text-block-wrapper color-scheme- woodmart-title-size-custom woodmart-title-width-100 text-left text1\">\n<div class=\"woodmart-title-container woodmart-text-block font-primary woodmart-font-weight-500\">\n<h2>Datenschutzerkl\u00e4rung<\/h2>\n<p><strong>Letzte Aktualisierung:<\/strong> 08\/03\/2023<\/p>\n<p>Diese Website ist Eigentum von\u00a0<strong>VASILEIOS PANTELIS K SIA OE<\/strong>\u00a0mit Sitz in Griechenland und wird gesetzlich durch VATIN\u00a0<strong>081328434\u00a0<\/strong>vertreten.<\/p>\n<p>Der Einfachheit halber bezieht sich diese Datenschutzrichtlinie auf den Eigent\u00fcmer dieser Website als ersten Plural (\u201cwir\u201d, \u201cunsere\u201d usw.) und auf die Person, die diese Datenschutzrichtlinie in einer ersten Person (\u201cSie\u201d) liest. , \u201cDein\u201d usw.).<\/p>\n<p>Diese Datenschutzrichtlinie legt fest, wie wir Informationen sammeln, verwenden und sch\u00fctzen, die vom Benutzer \u00fcber diese Website oder andere verf\u00fcgbare elektronische Formulare, E-Mails, soziale Netzwerke usw. bereitgestellt werden.<\/p>\n<p>Die Art und Weise, wie wir Daten sammeln, die Sie uns zur Verf\u00fcgung stellen, wie auf dieser Website oder anderen elektronischen Medien dargestellt, wird in dieser Richtlinie der Einfachheit halber als \u201cServicetransaktionen\u201d bezeichnet. Die Nutzung dieser Website \u00fcber die Kommunikation mit uns \u00fcber E-Mail und soziale Netzwerke ist beispielsweise eine \u201cServicetransaktion\u201d.<\/p>\n<p>Wir setzen uns daf\u00fcr ein, dass Ihre Privatsph\u00e4re gesch\u00fctzt wird. Alle Informationen, die Sie uns \u00fcber diese Website oder andere verf\u00fcgbare elektronische Mittel zur Verf\u00fcgung stellen, mit denen Sie identifiziert werden k\u00f6nnen, werden nur in \u00dcbereinstimmung mit dieser Datenschutzrichtlinie verwendet.<\/p>\n<p>Wir k\u00f6nnen diese Datenschutzrichtlinie bei Bedarf \u00e4ndern. Es liegt in Ihrer Verantwortung, diese Datenschutzrichtlinie regelm\u00e4\u00dfig zu \u00fcberpr\u00fcfen, um sicherzustellen, dass Sie mit \u00c4nderungen einverstanden sind.<\/p>\n<h3>Welche Informationen sammeln wir?<\/h3>\n<p>Wenn Sie eine Servicetransaktion mit uns haben, werden Sie m\u00f6glicherweise aufgefordert, einige oder alle der folgenden Informationen anzugeben:<\/p>\n<ul>\n<li>Vorname und Nachname<\/li>\n<li>E-Mail-Addresse<\/li>\n<li>Postanschrift, Postleitzahl, Stadt, Bundesland, Land<\/li>\n<li>Telefonnummer<\/li>\n<li>Benutzername, Passwort oder E-Mail-Adresse f\u00fcr Ihr Konto auf unsererWebsite<\/li>\n<li>Alle anderen explizit angeforderten Informationen, die Ihre Benutzererfahrung und Servicebereitstellung verbessern sollen<\/li>\n<\/ul>\n<p>W\u00e4hrend der Nutzung dieser Website k\u00f6nnen au\u00dferdem einige oder alle der folgenden Informationen gesammelt werden:<\/p>\n<ul>\n<li>IP Adresse<\/li>\n<li>geografische Position<\/li>\n<li>Informationen zu Typ und Version Ihres Webbrowsers<\/li>\n<li>Informationen zu Typ und Version Ihres Betriebssystems<\/li>\n<li>\u00dcberweisungsquelle (\u00dcberweiser)<\/li>\n<li>Datum und Uhrzeit Ihrer Aktionen auf unserer Website<\/li>\n<li>Besuchszeiten, Seitenaufrufe, Website-Navigation und andere damit verbundene Browsing-Aktivit\u00e4ten<\/li>\n<\/ul>\n<h3>Wenn wir Informationen sammeln<\/h3>\n<p>Wir k\u00f6nnen Informationen von Ihnen aus einem oder mehreren der folgenden Gr\u00fcnde sammeln, wenn wir Servicetransaktionen mit uns durchf\u00fchren:<\/p>\n<ul>\n<li>w\u00e4hrend der Nutzung unserer Website<\/li>\n<li>beim Abonnieren unseres Newsletters<\/li>\n<li>beim Ausf\u00fcllen eines Formulars<\/li>\n<li>wenn Sie uns Feedback geben<\/li>\n<li>wenn Sie Informationen auf unserer Website auf andere Weise \u00fcbermitteln oder wenn Sie uns Informationen \u00fcber andere elektronische Medien zur Verf\u00fcgung stellen.<\/li>\n<\/ul>\n<h3>Wie wir Ihre Daten verwenden<\/h3>\n<p>Wir k\u00f6nnen die von Ihnen gesammelten Informationen aus einem oder mehreren der folgenden Gr\u00fcnde verwenden:<\/p>\n<ul>\n<li>Passen Sie Ihre Erfahrung an<\/li>\n<li>um unsere Website zu verbessern<\/li>\n<li>dir zu dienen<\/li>\n<li>um Sie um Feedback zu bitten<\/li>\n<li>um Sie \u00fcber unsere Neuigkeiten oder unsere Angebote und Dienstleistungen zu informieren, die f\u00fcr Sie von Interesse sein k\u00f6nnten<\/li>\n<li>aus Sicherheitsgr\u00fcnden<\/li>\n<\/ul>\n<h3>Wie wir Ihre Daten sch\u00fctzen<\/h3>\n<p>Wir setzen uns daf\u00fcr ein, dass die Informationen, die Sie uns zur Verf\u00fcgung stellen, sicher sind. Um unbefugten Zugriff oder Leckagen zu verhindern, haben wir geeignete physische, elektronische und Verwaltungsverfahren eingerichtet, um die von uns gesammelten Informationen zu sch\u00fctzen, z. B.:<\/p>\n<ul>\n<li>Regelm\u00e4\u00dfiges Scannen von Malware<\/li>\n<li>Webanwendungs-Firewall und Netzwerk-Firewall<\/li>\n<li>128-Bit-SSL-Verschl\u00fcsselung (Secure Socket Layer)<\/li>\n<li>Autorisierungs- und Authentifizierungsmechanismen<\/li>\n<li>Wirtschaftliche Transaktionen werden \u00fcber zugelassene und international anerkannte Zahlungsgateway-Dienstleister von Drittanbietern verarbeitet, und Transaktionsdaten werden nicht auf unseren Servern gespeichert oder verarbeitet<\/li>\n<\/ul>\n<p>Ihre pers\u00f6nlichen Daten befinden sich hinter gesicherten Netzwerken und sind nur f\u00fcr eine begrenzte Anzahl von Personen zug\u00e4nglich, die \u00fcber besondere Zugriffsrechte auf solche Systeme verf\u00fcgen und die Informationen vertraulich behandeln m\u00fcssen. Wir implementieren eine Vielzahl von Sicherheitsma\u00dfnahmen, wenn Sie Ihre Informationen eingeben, \u00fcbermitteln oder darauf zugreifen, um die Sicherheit Ihrer pers\u00f6nlichen Daten zu gew\u00e4hrleisten.<\/p>\n<h3>Cookies &amp; Tracking-Technologie<\/h3>\n<p>Wir verwenden Cookies, um Ihnen Dienste bereitzustellen, damit Sie ein qualitativ hochwertiges Surferlebnis haben oder besser verstehen k\u00f6nnen, wie wir unsere Website und Dienste f\u00fcr Sie verbessern k\u00f6nnen. Zus\u00e4tzliche Dienste von Drittanbietern, die unsere Website verwendet, verwenden m\u00f6glicherweise Cookies oder andere Tracking-Technologien. Weitere Informationen zur Verwendung von Cookies und zur Tracking-Technologie finden Sie in unserer\u00a0<strong>Cookie-Richtlinie<\/strong>.<\/p>\n<h3>Offenlegung durch Dritte<\/h3>\n<p>Wir verkaufen, handeln oder \u00fcbertragen Ihre personenbezogenen Daten nicht an Dritte, es sei denn, wir haben Ihre ausdr\u00fcckliche Erlaubnis oder dies ist gesetzlich vorgeschrieben. Dies gilt nicht f\u00fcr Website-Hosting-Partner und andere Parteien, die uns beim Betrieb unserer Website oder anderer Systeme, bei der F\u00fchrung unseres Gesch\u00e4fts oder bei der Bedienung unserer Benutzer unterst\u00fctzen, sofern diese Parteien sich einverstanden erkl\u00e4ren, diese Informationen vertraulich zu behandeln. Nicht pers\u00f6nlich identifizierbare Besucherinformationen k\u00f6nnen jedoch anderen Parteien f\u00fcr Marketing, Werbung oder andere Zwecke zur Verf\u00fcgung gestellt werden.<\/p>\n<h3>Links von Drittanbietern<\/h3>\n<p>Unsere Website kann Links zu anderen Websites enthalten. Diese k\u00f6nnen mit uns verbunden sein oder nicht. Wir haben keine Kontrolle \u00fcber externe Websites. Wenn Sie also auf einen Link klicken, der dazu f\u00fchrt, dass Sie eine externe Website besuchen, gilt diese Datenschutzrichtlinie nicht mehr. Wir k\u00f6nnen nicht f\u00fcr den Schutz und die Privatsph\u00e4re von Informationen verantwortlich gemacht werden, die Sie freiwillig oder unerkl\u00e4rlich beim Besuch solcher Websites bereitstellen.<\/p>\n<h3>Dienste von Drittanbietern<\/h3>\n<p>Unsere Website verwendet Drittanbieter, die m\u00f6glicherweise Cookies setzen oder Daten f\u00fcr Sie sammeln, z. B. (ohne darauf beschr\u00e4nkt zu sein) IP-Adresse, Browserinformationen, Betriebssysteminformationen oder andere Arten von Informationen. Drittanbieter identifizieren Sie m\u00f6glicherweise mit zus\u00e4tzlichen Daten, die Sie freiwillig oder unbeabsichtigt mithilfe ihrer exklusiven Dienste bereitgestellt haben (z. B. Google \u2013 E-Mail \/ YouTube, Facebook, Twitter usw.). Es liegt an Ihnen, die offiziellen Richtlinien der jeweiligen Dienste zu \u00fcberpr\u00fcfen und sicherzustellen, dass Sie diesen bei der Nutzung dieser Website zustimmen.<\/p>\n<p>Weitere Informationen finden Sie im Abschnitt\u00a0<strong>\u201cVon unserer Website genutzte Dienste von Drittanbietern\u201d<\/strong>.<\/p>\n<h3>Kontrolle Ihrer pers\u00f6nlichen Daten<\/h3>\n<p>Wenn Sie personenbezogene Daten wissen m\u00f6chten, die wir m\u00f6glicherweise \u00fcber Sie haben, k\u00f6nnen Sie uns jederzeit kontaktieren. Wenn Sie feststellen, dass eine der Informationen, die wir f\u00fcr Sie aufbewahren, falsch oder unvollst\u00e4ndig ist. Wenn Sie sie nicht selbst \u00e4ndern k\u00f6nnen, setzen Sie sich bitte so schnell wie m\u00f6glich mit uns in Verbindung, um die erforderlichen Ma\u00dfnahmen zu ergreifen. Wenn Sie eine Teilmenge oder alle Daten l\u00f6schen m\u00f6chten, die wir f\u00fcr Sie aufbewahren, oder wenn Sie die Verarbeitung Ihrer Daten durch uns einstellen m\u00f6chten, k\u00f6nnen Sie sich jederzeit an uns wenden, um die erforderlichen Ma\u00dfnahmen zu ergreifen. Bitte beachten Sie, dass der Umfang, in dem wir Ihnen dienen k\u00f6nnen, gesetzlich begrenzt sein kann, wenn Sie uns aus einem der oben genannten Gr\u00fcnde kontaktieren. Dar\u00fcber hinaus bitten wir Sie m\u00f6glicherweise um zus\u00e4tzliche Informationen, um Sie zu identifizieren, bevor Sie mit einer Aktion fortfahren.<\/p>\n<h2>Cookie-Richtlinie<\/h2>\n<p>Letzte Aktualisierung: 08\/03\/2023<\/p>\n<p>Diese Website ist Eigentum von\u00a0<strong>VASILEIOS PANTELIS K SIA OE<\/strong>\u00a0mit Sitz in Griechenland und wird gesetzlich durch VATIN\u00a0<strong>081328434\u00a0<\/strong>vertreten.<\/p>\n<p>Der Einfachheit halber bezieht sich diese Datenschutzrichtlinie auf den Eigent\u00fcmer dieser Website als ersten Plural (\u201cwir\u201d, \u201cunsere\u201d usw.) und auf die Person, die diese Datenschutzrichtlinie in einer ersten Person (\u201cSie\u201d) liest. , \u201cDein\u201d usw.).<\/p>\n<p>Diese Cookie-Richtlinie soll Benutzern, die an der Verwendung von Cookies im Internet interessiert sind, einen besseren Service bieten und bestimmen, wie wir Cookies \u00fcber diese Website verwenden. Wenn Sie diese Website weiterhin nutzen, stimmen Sie der Verwendung von Cookies zu.<\/p>\n<p>Wir k\u00f6nnen diese Cookie-Richtlinie nach Bedarf \u00e4ndern. Es liegt in Ihrer Verantwortung, diese Cookie-Richtlinie regelm\u00e4\u00dfig zu \u00fcberpr\u00fcfen, um sicherzustellen, dass Sie mit \u00c4nderungen einverstanden sind.<\/p>\n<h3>Was sind Cookies?<\/h3>\n<p>Cookies sind kleine Textdateien, die von Ihrem Webbrowser auf Ihrem Computer gespeichert werden, wenn Sie eine Website anzeigen. Auf diese Weise kann sich die von Ihnen besuchte Website Daten \u00fcber Sie merken, die f\u00fcr Servicezwecke (z. B. automatische Anmeldung bei Ihrem Konto oder Warenkorbfunktion), f\u00fcr die Erfassung von Statistiken oder f\u00fcr andere website-abh\u00e4ngige Zwecke erforderlich sind.<\/p>\n<p>Cookies k\u00f6nnen vor\u00fcbergehend auf Ihrem Computer gespeichert werden, solange Sie eine Website verwenden, bis Sie Ihren Webbrowser schlie\u00dfen (Sitzungscookie), oder f\u00fcr einen l\u00e4ngeren Zeitraum (dauerhafter Cookie), der von der Website abh\u00e4ngt, auf der Cookies gesetzt werden, und von der besonderen Art \u2013 dem Grund f\u00fcr jeden Cookie.<\/p>\n<p>Wenn Sie eine Website besuchen, kann Ihr Browser aufgrund der Nutzung ihrer Dienste durch die von Ihnen besuchte Website Cookies von Drittanbietern setzen, z. B. Statistiksammeldienste, Verlinkung von Websites in sozialen Netzwerken.<\/p>\n<p>Unsere Website kann die in Cookies von Websites Dritter gesetzten Informationen nicht lesen, au\u00dfer den Informationen, die ausdr\u00fccklich auf unserer Website definiert sind.<\/p>\n<h3>Kategorien von Cookies, die von unserer Website gesetzt werden k\u00f6nnen<\/h3>\n<p>Wir trennen von Ihrem Webbrowser gespeicherte Cookies durch die Verwendung unserer Website in den folgenden Kategorien:<\/p>\n<h4>Grundlegende Cookies<\/h4>\n<p>Dies sind Cookies, die f\u00fcr den grundlegenden Betrieb unserer Website und die bereitgestellten Dienste erforderlich sind. Sie werden automatisch festgelegt, wenn Sie unsere Website besuchen. Sie k\u00f6nnen auch schrittweise festgelegt werden, wenn Sie unsere Website entsprechend den Anforderungen \/ Inhalten \/ Diensten nutzen, die von der Unterseite oder den von Ihnen ergriffenen Ma\u00dfnahmen angeboten werden<\/p>\n<h4>Pr\u00e4ferenzen und Cookies f\u00fcr zus\u00e4tzliche Funktionen<\/h4>\n<p>Hierbei handelt es sich um Cookies, die Informationen \u00fcber die Einstellungen und zus\u00e4tzlichen Funktionen enthalten, die Sie von unserer Website oder von Drittanbietern, die unsere Website verwendet, genie\u00dfen. Eine Einschr\u00e4nkung kann die Funktionalit\u00e4t unserer Website beeintr\u00e4chtigen<\/p>\n<h4>Statistik- und Leistungscookies<\/h4>\n<p>Hierbei handelt es sich um Cookies, die mit dem Sammeln von Statistiken auf unserer Website verbunden sind, um unsere Dienste zu verbessern. Sie werden automatisch festgelegt, wenn Sie unsere Website besuchen, und ihre Verhinderung beeintr\u00e4chtigt nicht den reibungslosen Betrieb unserer Website.<\/p>\n<h4>Werbe-Cookies<\/h4>\n<p>Hierbei handelt es sich um Datenerfassungs-Cookies, mit denen Sie entsprechend Ihren Interessen relevantere Anzeigen schalten k\u00f6nnen.<\/p>\n<h3>Informationen zu Cookies und Tracking-Technologie von Drittanbietern<\/h3>\n<p>Wir verwenden Dienste von Drittanbietern f\u00fcr die Funktionalit\u00e4t unserer Website, f\u00fcr eine bessere Benutzererfahrung, bereitgestellte Dienste und die Erfassung von Statistiken. Drittanbieter verwenden m\u00f6glicherweise Cookies oder andere Tracking-Technologien (wie Web Beacons, Tracking-Pixel usw.).<\/p>\n<p>Unter keinen Umst\u00e4nden werden personenbezogene Daten, die Sie als Kontaktdaten oder andere Informationen identifizieren k\u00f6nnen, an Drittanbieter weitergegeben. Trotzdem k\u00f6nnen Drittanbieter Sie anhand zus\u00e4tzlicher Daten identifizieren, die Sie freiwillig oder unbeabsichtigt mithilfe ihrer exklusiven Dienste (z. B. Google \u2013 E-Mail \/ YouTube, Facebook, Twitter usw.) bereitgestellt haben.<\/p>\n<p>Die Richtlinien f\u00fcr Cookie- und Tracking-Technologien von Drittanbietern (wie Facebook, Twitter, Google Analytics, Google Maps, YouTube usw.) liegen in der alleinigen Verantwortung der jeweiligen Dienstanbieter. Sie sollten auf den offiziellen Websites des jeweiligen Dienstes informiert werden Anbieter.<\/p>\n<h3>Dienste von Drittanbietern unserer Website, die Cookies verwenden<\/h3>\n<p>Die von unserer Website in den einzelnen Kategorien der Cookie-Nutzung verwendeten Dienste von Drittanbietern lauten wie folgt:<\/p>\n<ul>\n<li>Google Analytics (Statistik- und Leistungscookies)<\/li>\n<li>Google Maps (Cookies f\u00fcr Einstellungen und zus\u00e4tzliche Funktionen)<\/li>\n<li>CloudFlare (grundlegende Cookies)<\/li>\n<\/ul>\n<p>Weitere Informationen finden Sie im Abschnitt \u201cVon unserer Website genutzte Dienste von Drittanbietern\u201d<\/p>\n<h3>Wie verwalte, l\u00f6sche und deaktiviere ich Cookies?<\/h3>\n<p>Um vom Webbrowser aufgrund der Nutzung unserer Website durch Sie gesetzte Cookies zu verwalten, zu l\u00f6schen oder zu deaktivieren, m\u00fcssen Sie Ihren Browser anpassen. Der reibungslose Betrieb der auf unserer Website angebotenen Dienste kann jedoch eingestellt werden oder Sie haben m\u00f6glicherweise nicht die beste Benutzererfahrung. Weitere Informationen zum Einrichten Ihres Browsers finden Sie im Hilfemen\u00fc. Hier ist eine Liste von Anleitungen, wie dies f\u00fcr beliebte Browsersoftware gemacht wird:<\/p>\n<ul>\n<li><a title=\"https:\/\/support.google.com\/chrome\/answer\/95647?hl=en\" role=\"link\" href=\"https:\/\/support.google.com\/chrome\/answer\/95647?hl=en\" target=\"_blank\" rel=\"noopener\">Google Chrome<\/a><\/li>\n<li><a title=\"https:\/\/support.mozilla.org\/en-US\/kb\/cookies-information-websites-store-on-your-computer\" role=\"link\" href=\"https:\/\/support.mozilla.org\/en-US\/kb\/cookies-information-websites-store-on-your-computer\" target=\"_blank\" rel=\"noopener\">Mozilla Firefox<\/a><\/li>\n<li><a title=\"https:\/\/privacy.microsoft.com\/en-us\/windows-10-microsoft-edge-and-privacy\" role=\"link\" href=\"https:\/\/privacy.microsoft.com\/en-us\/windows-10-microsoft-edge-and-privacy\" target=\"_blank\" rel=\"noopener\">Microsoft Edge<\/a><\/li>\n<li><a title=\"https:\/\/support.microsoft.com\/en-gb\/help\/17442\/windows-internet-explorer-delete-manage-cookies\" role=\"link\" href=\"https:\/\/support.microsoft.com\/en-gb\/help\/17442\/windows-internet-explorer-delete-manage-cookies\" target=\"_blank\" rel=\"noopener\">Microsoft Internet Explorer<\/a><\/li>\n<li><a title=\"https:\/\/help.opera.com\/en\/latest\/security-and-privacy\" role=\"link\" href=\"https:\/\/help.opera.com\/en\/latest\/security-and-privacy\" target=\"_blank\" rel=\"noopener\">Opera<\/a><\/li>\n<li><a title=\"https:\/\/help.vivaldi.com\/article\/cookies\/\" role=\"link\" href=\"https:\/\/help.vivaldi.com\/article\/cookies\/\" target=\"_blank\" rel=\"noopener\">Vivaldi<\/a><\/li>\n<li><a title=\"https:\/\/support.apple.com\/en-gb\/guide\/safari\/manage-cookies-and-website-data-sfri11471\/mac\" role=\"link\" href=\"https:\/\/support.apple.com\/en-gb\/guide\/safari\/manage-cookies-and-website-data-sfri11471\/mac\" target=\"_blank\" rel=\"noopener\">Safari for macOS<\/a><\/li>\n<li><a title=\"https:\/\/support.apple.com\/en-gb\/HT201265\" role=\"link\" href=\"https:\/\/support.apple.com\/en-gb\/HT201265\" target=\"_blank\" rel=\"noopener\">Safari for iOS<\/a><\/li>\n<\/ul>\n<h2>Von unserer Website genutzte Dienste von Drittanbietern<\/h2>\n<p>Unsere Website nutzt Dienste von Drittanbietern aus den in den Datenschutz- und Cookie-Richtlinien unserer Website genannten Gr\u00fcnden. In diesem Abschnitt finden Sie weitere Informationen zu den von unserer Website verwendeten Diensten von Drittanbietern sowie Links zu deren offiziellen Richtlinien und \/ oder M\u00f6glichkeiten zur Auswahl von Optionen f\u00fcr Ihre Privatsph\u00e4re in Bezug auf die jeweiligen Dienstanbieter:<\/p>\n<ul>\n<li><a title=\"https:\/\/policies.google.com\/privacy\" role=\"link\" href=\"https:\/\/policies.google.com\/privacy\" target=\"_blank\" rel=\"noopener\">Google Analytics<\/a><\/li>\n<li><a title=\"https:\/\/policies.google.com\/privacy\" role=\"link\" href=\"https:\/\/policies.google.com\/privacy\" target=\"_blank\" rel=\"noopener\">Google Maps<\/a><\/li>\n<li><a title=\"https:\/\/www.cloudflare.com\/privacypolicy\" role=\"link\" href=\"https:\/\/www.cloudflare.com\/privacypolicy\" target=\"_blank\" rel=\"noopener\">CloudFlare<\/a><\/li>\n<\/ul>\n<\/div>\n<\/div>\n\t\t<\/div>\n\t\t[\/vc_column][\/vc_row]<\/p>\n<\/section>","protected":false},"excerpt":{"rendered":"<p>[vc_row full_width=&#8221;stretch_row&#8221; el_class=&#8221;page-section section1&#8243; woodmart_css_id=&#8221;62503a78815cb&#8221; responsive_spacing=&#8221;eyJwYXJhbV90eXBlIjoid29vZG1hcnRfcmVzcG9uc2l2ZV9zcGFjaW5nIiwic2VsZWN0b3JfaWQiOiI2MjUwM2E3ODgxNWNiIiwic2hvcnRjb2RlIjoidmNfcm93IiwiZGF0YSI6eyJ0YWJsZXQiOnt9LCJtb2JpbGUiOnt9fX0=&#8221; mobile_bg_img_hidden=&#8221;no&#8221; tablet_bg_img_hidden=&#8221;no&#8221; woodmart_parallax=&#8221;0&#8243; woodmart_gradient_switch=&#8221;no&#8221; woodmart_box_shadow=&#8221;no&#8221; wd_z_index=&#8221;no&#8221; woodmart_disable_overflow=&#8221;0&#8243; row_reverse_mobile=&#8221;0&#8243; row_reverse_tablet=&#8221;0&#8243; css=&#8221;.vc_custom_1649425020422{background-color: #c9dadd !important;}&#8221;][vc_column width=&#8221;5\/6&#8243; css=&#8221;.vc_custom_1678441498487{padding-top:<\/p>\n","protected":false},"author":2,"featured_media":0,"parent":0,"menu_order":0,"comment_status":"closed","ping_status":"closed","template":"","meta":{"footnotes":""},"class_list":["post-3209","page","type-page","status-publish","hentry"],"_links":{"self":[{"href":"https:\/\/sikia-apartments.gr\/de\/wp-json\/wp\/v2\/pages\/3209","targetHints":{"allow":["GET"]}}],"collection":[{"href":"https:\/\/sikia-apartments.gr\/de\/wp-json\/wp\/v2\/pages"}],"about":[{"href":"https:\/\/sikia-apartments.gr\/de\/wp-json\/wp\/v2\/types\/page"}],"author":[{"embeddable":true,"href":"https:\/\/sikia-apartments.gr\/de\/wp-json\/wp\/v2\/users\/2"}],"replies":[{"embeddable":true,"href":"https:\/\/sikia-apartments.gr\/de\/wp-json\/wp\/v2\/comments?post=3209"}],"version-history":[{"count":2,"href":"https:\/\/sikia-apartments.gr\/de\/wp-json\/wp\/v2\/pages\/3209\/revisions"}],"predecessor-version":[{"id":3223,"href":"https:\/\/sikia-apartments.gr\/de\/wp-json\/wp\/v2\/pages\/3209\/revisions\/3223"}],"wp:attachment":[{"href":"https:\/\/sikia-apartments.gr\/de\/wp-json\/wp\/v2\/media?parent=3209"}],"curies":[{"name":"wp","href":"https:\/\/api.w.org\/{rel}","templated":true}]}}