{"id":3177,"date":"2022-04-08T16:33:45","date_gmt":"2022-04-08T13:33:45","guid":{"rendered":"https:\/\/sikia-apartments.gr\/covid-19\/"},"modified":"2023-03-23T18:00:45","modified_gmt":"2023-03-23T15:00:45","slug":"covid-19","status":"publish","type":"page","link":"https:\/\/sikia-apartments.gr\/fr\/covid-19\/","title":{"rendered":"Covid-19"},"content":{"rendered":"<section class=\"wpb-content-wrapper\"><p>[vc_row full_width=&#8221;stretch_row&#8221; el_class=&#8221;page-section section1&#8243; woodmart_css_id=&#8221;62503a78815cb&#8221; responsive_spacing=&#8221;eyJwYXJhbV90eXBlIjoid29vZG1hcnRfcmVzcG9uc2l2ZV9zcGFjaW5nIiwic2VsZWN0b3JfaWQiOiI2MjUwM2E3ODgxNWNiIiwic2hvcnRjb2RlIjoidmNfcm93IiwiZGF0YSI6eyJ0YWJsZXQiOnt9LCJtb2JpbGUiOnt9fX0=&#8221; mobile_bg_img_hidden=&#8221;no&#8221; tablet_bg_img_hidden=&#8221;no&#8221; woodmart_parallax=&#8221;0&#8243; woodmart_gradient_switch=&#8221;no&#8221; woodmart_box_shadow=&#8221;no&#8221; wd_z_index=&#8221;no&#8221; woodmart_disable_overflow=&#8221;0&#8243; row_reverse_mobile=&#8221;0&#8243; row_reverse_tablet=&#8221;0&#8243; css=&#8221;.vc_custom_1649425020422{background-color: #c9dadd !important;}&#8221;][vc_column][vc_empty_space height=&#8221;100px&#8221; woodmart_hide_large=&#8221;0&#8243; woodmart_hide_medium=&#8221;0&#8243; woodmart_hide_small=&#8221;0&#8243; woodmart_hide_extra_small=&#8221;0&#8243;]\t\t\t<link rel=\"stylesheet\" id=\"wd-text-block-css\" href=\"https:\/\/sikia-apartments.gr\/wp-content\/themes\/woodmart\/css\/parts\/el-text-block.min.css?ver=7.1.4\" type=\"text\/css\" media=\"all\" \/> \t\t\t\t\t<div id=\"wd-641c699421879\" class=\"wd-text-block wd-wpb reset-last-child wd-rs-641c699421879 text-left wd-font-weight-400 wd-fontsize-custom  section-text text1\">\n\t\t\t<h2>PROTOCOLE OP\u00c9RATIONNEL DE SANT\u00c9 SP\u00c9CIAL POUR LE CAMPING SIKIA<\/h2>\n<h3>G\u00c9N\u00c9RAL<\/h3>\n<ul>\n<li>Le personnel du camping, en fonction de ses t\u00e2ches, est inform\u00e9 et form\u00e9 selon les instructions de l\u2019ONPH et de l\u2019OMS<\/li>\n<li>\u00c9quipement de protection individuelle ad\u00e9quat pour tout le personnel<\/li>\n<li>Heure d\u2019enregistrement ajust\u00e9e \u00e0 partir de 15:00 et heure de d\u00e9part jusqu\u2019\u00e0 11:00<\/li>\n<li>Stations avec d\u00e9sinfectant pour les mains \u00e0 base d\u2019alcool plac\u00e9es dans tous les espaces publics et lieux d\u2019hygi\u00e8ne<\/li>\n<li>Nettoyage am\u00e9lior\u00e9 de tous les espaces publics et en particulier des zones tr\u00e8s touch\u00e9es<\/li>\n<li>Utilisation de produits de nettoyage certifi\u00e9s NPHO et formation du personnel sur les protocoles d\u2019entretien m\u00e9nager et d\u2019hygi\u00e8ne<\/li>\n<li>Panneaux dans tous les espaces publics avec les recommandations de sant\u00e9 et d\u2019hygi\u00e8ne de NPHO<\/li>\n<li>Une distance sociale de 1,5 m\u00e8tre doit \u00eatre maintenue dans toutes les zones int\u00e9rieures et ext\u00e9rieures entre des personnes qui ne font pas partie de la m\u00eame famille ou du m\u00eame groupe<\/li>\n<li>Journal de bord pour enregistrer toutes les personnes s\u00e9journant actuellement ou ayant s\u00e9journ\u00e9 au camping<\/li>\n<li>Livre d\u2019incidents pour enregistrer tous les cas suspects et confirm\u00e9s de COVID-19 et les mesures prises<\/li>\n<li>Plan \u00e9crit pour traiter les cas suspects de Covid-19<\/li>\n<li>Un agent comp\u00e9tent est d\u00e9sign\u00e9 pour la mise en \u0153uvre du plan \u00e9crit du camping et du protocole de fonctionnement sanitaire afin de pr\u00e9venir la propagation du Covid-19<\/li>\n<li>Salle d\u2019isolement d\u00e9sign\u00e9e pour accueillir une personne infect\u00e9e par le COVID-19<\/li>\n<\/ul>\n<h3>R\u00c9CEPTION<\/h3>\n<ul>\n<li>Toutes les personnes entrant dans les locaux seront soumises \u00e0 des contr\u00f4les de temp\u00e9rature sans contact obligatoires<\/li>\n<li>Panneaux \u00e0 l\u2019entr\u00e9e avec les recommandations de sant\u00e9 et d\u2019hygi\u00e8ne de NPHO<\/li>\n<li>Plans d\u2019\u00e9tage mis \u00e0 jour pour favoriser la distanciation physique et \u00e9viter les files d\u2019attente<\/li>\n<li>Kit m\u00e9dical disponible \u00e0 utiliser en cas d\u2019incident COVID-19 \u00e0 l\u2019h\u00e9bergement<\/li>\n<li>Installation de boucliers transparents<\/li>\n<li>Enregistrement sans contact<\/li>\n<li>Les informations du concierge seront transmises par voie \u00e9lectronique<\/li>\n<li>D\u00e9sinfection des cl\u00e9s de la chambre<\/li>\n<li>Les non-clients ne sont pas autoris\u00e9s \u00e0 entrer dans les chambres<\/li>\n<li>L\u2019acc\u00e8s, le passage ou le s\u00e9jour au camping et l\u2019utilisation des installations du camping ne sont pas autoris\u00e9s aux personnes qui ne sont pas enregistr\u00e9es comme invit\u00e9s<\/li>\n<li>\u00c9quipement de protection individuelle ad\u00e9quat pour les clients disponible sur demande<\/li>\n<\/ul>\n<h3>INSTALLATIONS SANITAIRES<\/h3>\n<ul>\n<li>Plan de nettoyage et de d\u00e9sinfection conform\u00e9ment aux directives de NPHO<\/li>\n<li>Protocole de nettoyage et de d\u00e9sinfection am\u00e9lior\u00e9, conform\u00e9ment aux directives de la NPHO, apr\u00e8s que des personnes soup\u00e7onn\u00e9es \/ confirm\u00e9es d\u2019avoir le COVID-19 se sont rendues dans l\u2019\u00e9tablissement<\/li>\n<li>D\u00e9sinfection et lutte antiparasitaire par un op\u00e9rateur certifi\u00e9 avant l\u2019ouverture de l\u2019h\u00e9bergement<\/li>\n<li>Panneaux aux entr\u00e9es avec les recommandations de sant\u00e9 et d\u2019hygi\u00e8ne de NPHO<\/li>\n<li>Plans d\u2019\u00e9tage mis \u00e0 jour pour favoriser la distanciation physique et \u00e9viter les files d\u2019attente<\/li>\n<\/ul>\n<h3>ZONES COMMUNES<\/h3>\n<p>Plan de nettoyage et de d\u00e9sinfection conforme aux directives de NPHO pour les \u00e9l\u00e9ments suivants zones:<\/p>\n<ul>\n<li>Approvisionnement en eau potable \u2013 robinets, bouchons, tuyaux et autres \u00e9quipements utilis\u00e9s pour fournir de l\u2019eau<\/li>\n<li>Points de vidange des toilettes chimiques<\/li>\n<li>Poign\u00e9es de porte de r\u00e9frig\u00e9rateurs partag\u00e9s<\/li>\n<li>Points de contact \u00e9lev\u00e9s au niveau des prises de courant<\/li>\n<li>Poubelles<\/li>\n<\/ul>\n<h3>\u00c9PICERIE<\/h3>\n<ul>\n<li>Plan de nettoyage et de d\u00e9sinfection conform\u00e9ment aux directives de NPHO<\/li>\n<li>Plans d\u2019\u00e9tage mis \u00e0 jour pour favoriser la distanciation physique et \u00e9viter les files d\u2019attente<\/li>\n<li>Installation de boucliers transparents<\/li>\n<\/ul>\n<h3>NOURRITURE &amp; BOISSON<\/h3>\n<ul>\n<li>Plan de nettoyage et de d\u00e9sinfection conform\u00e9ment aux directives NPHO et HFA<\/li>\n<li>Conformit\u00e9 aux r\u00e8gles HACCP<\/li>\n<li>Certification du bon fonctionnement des machines \u00e0 laver et des s\u00e8che-linge<\/li>\n<li>D\u00e9sinfection et lutte antiparasitaire par un op\u00e9rateur certifi\u00e9 avant l\u2019ouverture du restaurant<\/li>\n<li>Plans d\u2019\u00e9tage mis \u00e0 jour pour favoriser la distanciation physique et \u00e9viter les files d\u2019attente<\/li>\n<li>Installation de boucliers transparents<\/li>\n<li>R\u00e9organisation des tables et des chaises selon la l\u00e9gislation en vigueur<\/li>\n<\/ul>\n<h3>ENTRETIEN M\u00c9NAGER<\/h3>\n<ul>\n<li>Plan de nettoyage et de d\u00e9sinfection conform\u00e9ment aux directives de NPHO<\/li>\n<li>Protocole de nettoyage et de d\u00e9sinfection am\u00e9lior\u00e9, conform\u00e9ment aux directives de la NPHO, apr\u00e8s que des personnes soup\u00e7onn\u00e9es \/ confirm\u00e9es d\u2019\u00eatre atteintes du COVID-19 se trouvent dans l\u2019\u00e9tablissement<\/li>\n<li>Nettoyage, d\u00e9sinfection et ventilation ad\u00e9quate de la pi\u00e8ce apr\u00e8s le d\u00e9part des invit\u00e9s et avant l\u2019arriv\u00e9e du prochain invit\u00e9<\/li>\n<li>Certification du bon fonctionnement des machines \u00e0 laver et des s\u00e8che-linge<\/li>\n<li>Certification du bon fonctionnement des climatiseurs<\/li>\n<li>D\u00e9sinfection et lutte antiparasitaire par un op\u00e9rateur certifi\u00e9 avant l\u2019ouverture de l\u2019h\u00f4tel<\/li>\n<li>Ajustement du changement quotidien du linge et des serviettes<\/li>\n<li>Enl\u00e8vement d\u2019objets d\u00e9coratifs et de rideaux<\/li>\n<li>Suppression d\u2019objets inutiles tels que des brochures et des d\u00e9pliants d\u2019information<\/li>\n<li>Sac de protection scell\u00e9 individuellement pour les t\u00e9l\u00e9commandes de t\u00e9l\u00e9vision et de climatisation<\/li>\n<li>Utilisation du d\u00e9froisseur pour d\u00e9sinfecter toutes les surfaces en tissu<\/li>\n<li>Les draps et serviettes sont lav\u00e9s conform\u00e9ment aux directives de la NPHO en utilisant le r\u00e9glage d\u2019eau le plus chaud autoris\u00e9 et sont transf\u00e9r\u00e9s dans les chambres dans des sacs scell\u00e9s.<\/li>\n<\/ul>\n<h3>LIENS UTILES<\/h3>\n<ul>\n<li><a title=\"https:\/\/eody.gov.gr\/en\/\" role=\"link\" href=\"https:\/\/eody.gov.gr\/en\/\" target=\"_blank\" rel=\"noopener\">Organisation nationale de la sant\u00e9 publique<\/a><\/li>\n<li><a title=\"https:\/\/covid19.gov.gr\/\" role=\"link\" href=\"https:\/\/covid19.gov.gr\/\" target=\"_blank\" rel=\"noopener\">CoVid19.gov.gr<\/a><\/li>\n<li><a title=\"https:\/\/www.who.int\/\" role=\"link\" href=\"https:\/\/www.who.int\/\" target=\"_blank\" rel=\"noopener\">Organisation mondiale de la sant\u00e9<\/a><\/li>\n<li><a title=\"https:\/\/www.moh.gov.gr\/\" role=\"link\" href=\"https:\/\/www.moh.gov.gr\/\" target=\"_blank\" rel=\"noopener\">Minist\u00e8re grec de la sant\u00e9<\/a><\/li>\n<\/ul>\n\t\t<\/div>\n\t\t[vc_empty_space height=&#8221;100px&#8221; woodmart_hide_large=&#8221;0&#8243; woodmart_hide_medium=&#8221;0&#8243; woodmart_hide_small=&#8221;0&#8243; woodmart_hide_extra_small=&#8221;0&#8243;][\/vc_column][\/vc_row]<\/p>\n<\/section>","protected":false},"excerpt":{"rendered":"<p>[vc_row full_width=&#8221;stretch_row&#8221; el_class=&#8221;page-section section1&#8243; woodmart_css_id=&#8221;62503a78815cb&#8221; responsive_spacing=&#8221;eyJwYXJhbV90eXBlIjoid29vZG1hcnRfcmVzcG9uc2l2ZV9zcGFjaW5nIiwic2VsZWN0b3JfaWQiOiI2MjUwM2E3ODgxNWNiIiwic2hvcnRjb2RlIjoidmNfcm93IiwiZGF0YSI6eyJ0YWJsZXQiOnt9LCJtb2JpbGUiOnt9fX0=&#8221; mobile_bg_img_hidden=&#8221;no&#8221; tablet_bg_img_hidden=&#8221;no&#8221; woodmart_parallax=&#8221;0&#8243; woodmart_gradient_switch=&#8221;no&#8221; woodmart_box_shadow=&#8221;no&#8221; wd_z_index=&#8221;no&#8221; woodmart_disable_overflow=&#8221;0&#8243; row_reverse_mobile=&#8221;0&#8243; row_reverse_tablet=&#8221;0&#8243; css=&#8221;.vc_custom_1649425020422{background-color: #c9dadd !important;}&#8221;][vc_column][vc_empty_space height=&#8221;100px&#8221; woodmart_hide_large=&#8221;0&#8243;<\/p>\n","protected":false},"author":2,"featured_media":0,"parent":0,"menu_order":0,"comment_status":"closed","ping_status":"closed","template":"","meta":{"footnotes":""},"class_list":["post-3177","page","type-page","status-publish","hentry"],"_links":{"self":[{"href":"https:\/\/sikia-apartments.gr\/fr\/wp-json\/wp\/v2\/pages\/3177","targetHints":{"allow":["GET"]}}],"collection":[{"href":"https:\/\/sikia-apartments.gr\/fr\/wp-json\/wp\/v2\/pages"}],"about":[{"href":"https:\/\/sikia-apartments.gr\/fr\/wp-json\/wp\/v2\/types\/page"}],"author":[{"embeddable":true,"href":"https:\/\/sikia-apartments.gr\/fr\/wp-json\/wp\/v2\/users\/2"}],"replies":[{"embeddable":true,"href":"https:\/\/sikia-apartments.gr\/fr\/wp-json\/wp\/v2\/comments?post=3177"}],"version-history":[{"count":3,"href":"https:\/\/sikia-apartments.gr\/fr\/wp-json\/wp\/v2\/pages\/3177\/revisions"}],"predecessor-version":[{"id":3187,"href":"https:\/\/sikia-apartments.gr\/fr\/wp-json\/wp\/v2\/pages\/3177\/revisions\/3187"}],"wp:attachment":[{"href":"https:\/\/sikia-apartments.gr\/fr\/wp-json\/wp\/v2\/media?parent=3177"}],"curies":[{"name":"wp","href":"https:\/\/api.w.org\/{rel}","templated":true}]}}