{"id":3208,"date":"2022-04-08T17:00:43","date_gmt":"2022-04-08T14:00:43","guid":{"rendered":"https:\/\/sikia-apartments.gr\/policy\/"},"modified":"2023-03-30T10:01:36","modified_gmt":"2023-03-30T07:01:36","slug":"policy","status":"publish","type":"page","link":"https:\/\/sikia-apartments.gr\/fr\/policy\/","title":{"rendered":"Politique de confidentialit\u00e9"},"content":{"rendered":"<section class=\"wpb-content-wrapper\"><p>[vc_row full_width=&#8221;stretch_row&#8221; el_class=&#8221;page-section section1&#8243; woodmart_css_id=&#8221;62503a78815cb&#8221; responsive_spacing=&#8221;eyJwYXJhbV90eXBlIjoid29vZG1hcnRfcmVzcG9uc2l2ZV9zcGFjaW5nIiwic2VsZWN0b3JfaWQiOiI2MjUwM2E3ODgxNWNiIiwic2hvcnRjb2RlIjoidmNfcm93IiwiZGF0YSI6eyJ0YWJsZXQiOnt9LCJtb2JpbGUiOnt9fX0=&#8221; mobile_bg_img_hidden=&#8221;no&#8221; tablet_bg_img_hidden=&#8221;no&#8221; woodmart_parallax=&#8221;0&#8243; woodmart_gradient_switch=&#8221;no&#8221; woodmart_box_shadow=&#8221;no&#8221; wd_z_index=&#8221;no&#8221; woodmart_disable_overflow=&#8221;0&#8243; row_reverse_mobile=&#8221;0&#8243; row_reverse_tablet=&#8221;0&#8243; css=&#8221;.vc_custom_1649425020422{background-color: #c9dadd !important;}&#8221;][vc_column width=&#8221;5\/6&#8243; css=&#8221;.vc_custom_1678441498487{padding-top: 80px !important;padding-bottom: 100px !important;}&#8221; woodmart_css_id=&#8221;640afc08efbc0&#8243; parallax_scroll=&#8221;no&#8221; woodmart_sticky_column=&#8221;false&#8221; wd_collapsible_content_switcher=&#8221;no&#8221; wd_column_role_offcanvas_desktop=&#8221;no&#8221; wd_column_role_offcanvas_tablet=&#8221;no&#8221; wd_column_role_offcanvas_mobile=&#8221;no&#8221; wd_column_role_content_desktop=&#8221;no&#8221; wd_column_role_content_tablet=&#8221;no&#8221; wd_column_role_content_mobile=&#8221;no&#8221; mobile_bg_img_hidden=&#8221;no&#8221; tablet_bg_img_hidden=&#8221;no&#8221; woodmart_parallax=&#8221;0&#8243; woodmart_box_shadow=&#8221;no&#8221; responsive_spacing=&#8221;eyJwYXJhbV90eXBlIjoid29vZG1hcnRfcmVzcG9uc2l2ZV9zcGFjaW5nIiwic2VsZWN0b3JfaWQiOiI2NDBhZmMwOGVmYmMwIiwic2hvcnRjb2RlIjoidmNfY29sdW1uIiwiZGF0YSI6eyJ0YWJsZXQiOnsicGFkZGluZy10b3AiOiI1MHB4IiwicGFkZGluZy1ib3R0b20iOiI1MHB4In0sIm1vYmlsZSI6eyJwYWRkaW5nLXRvcCI6IjUwcHgiLCJwYWRkaW5nLWJvdHRvbSI6IjUwcHgifX19&#8243; mobile_reset_margin=&#8221;no&#8221; tablet_reset_margin=&#8221;no&#8221; wd_z_index=&#8221;no&#8221; offset=&#8221;vc_col-md-offset-0 vc_col-md-12 vc_col-xs-offset-1 vc_col-xs-10&#8243;]\t\t\t<link rel=\"stylesheet\" id=\"wd-text-block-css\" href=\"https:\/\/sikia-apartments.gr\/wp-content\/themes\/woodmart\/css\/parts\/el-text-block.min.css?ver=7.1.4\" type=\"text\/css\" media=\"all\" \/> \t\t\t\t\t<div id=\"wd-642533c74f54a\" class=\"wd-text-block wd-wpb reset-last-child wd-rs-642533c74f54a text-left wd-font-weight-400 wd-fontsize-custom  section-text text1\">\n\t\t\t<div id=\"wd-61bc7d53ad925\" class=\"woodmart-text-block-wrapper color-scheme- woodmart-title-size-custom woodmart-title-width-100 text-left text1\">\n<div class=\"woodmart-title-container woodmart-text-block font-primary woodmart-font-weight-500\">\n<h2>Politique de confidentialit\u00e9<\/h2>\n<p><strong>Derni\u00e8re mise \u00e0 jour<\/strong>: 08\/03\/2023<\/p>\n<p>Ce site est la propri\u00e9t\u00e9 de\u00a0<strong>VASILEIOS PANTELIS K SIA OE<\/strong>\u00a0bas\u00e9 en Gr\u00e8ce et l\u00e9galement repr\u00e9sent\u00e9 par VATIN\u00a0<strong>081328434<\/strong>.<\/p>\n<p>Par souci de simplicit\u00e9, cette politique de confidentialit\u00e9 fait r\u00e9f\u00e9rence au propri\u00e9taire de ce site Web comme un premier pluriel (\u00abnous\u00bb, \u00able n\u00f4tre\u00bb, etc.) et fait r\u00e9f\u00e9rence \u00e0 la personne qui lit cette politique de confidentialit\u00e9 \u00e0 la premi\u00e8re personne (\u00abvous\u00bb , \u00abV\u00f4tre\u00bb, etc.).<\/p>\n<p>Cette politique de confidentialit\u00e9 d\u00e9termine la mani\u00e8re dont nous collectons, utilisons et prot\u00e9geons les informations fournies par l\u2019utilisateur en utilisant ce site Web ou tout autre formulaire \u00e9lectronique disponible, courrier, r\u00e9seaux sociaux, etc.<\/p>\n<p>Les moyens par lesquels nous collectons les donn\u00e9es que vous nous fournissez, comme illustr\u00e9 sur ce site Web ou sur d\u2019autres supports \u00e9lectroniques, seront d\u00e9crits par cette politique par souci de simplicit\u00e9 comme des \u00abtransactions de service\u00bb. Par exemple, en utilisant ce site Web, communiquer avec nous par e-mail et par les r\u00e9seaux sociaux est une \u00abtransaction de service\u00bb.<\/p>\n<p>Nous nous engageons \u00e0 garantir la protection de votre vie priv\u00e9e. Toute information que vous nous fournissez en utilisant ce site ou tout autre moyen \u00e9lectronique disponible par lequel vous pouvez \u00eatre identifi\u00e9 ne sera utilis\u00e9e que conform\u00e9ment \u00e0 cette politique de confidentialit\u00e9.<\/p>\n<p>Nous pouvons modifier cette politique de confidentialit\u00e9 chaque fois que n\u00e9cessaire. Il est de votre responsabilit\u00e9 de revoir p\u00e9riodiquement cette politique de confidentialit\u00e9 pour vous assurer que vous acceptez tout changement.<\/p>\n<h3>Quelles informations nous collectons<\/h3>\n<p>Lorsque vous effectuez une transaction de service avec nous, vous pouvez \u00eatre invit\u00e9 \u00e0 fournir tout ou partie des informations suivantes:<\/p>\n<ul>\n<li>pr\u00e9nom et nom<\/li>\n<li>adresse e-mail<\/li>\n<li>adresse postale, code postal, ville \/ village, \u00e9tat, pays<\/li>\n<li>num\u00e9ro de t\u00e9l\u00e9phone<\/li>\n<li>nom d\u2019utilisateur, mot de passe ou e-mail pour votre compte sur notre site Web<\/li>\n<li>toute autre information explicitement demand\u00e9e et destin\u00e9e \u00e0 am\u00e9liorer votre exp\u00e9rience utilisateur et la prestation de services<\/li>\n<\/ul>\n<p>De plus, lors de l\u2019utilisation de ce site Web, certaines ou toutes les informations suivantes peuvent \u00eatre collect\u00e9es:<\/p>\n<ul>\n<li>adresse IP<\/li>\n<li>localisation g\u00e9ographique<\/li>\n<li>des informations sur le type et la version de votre navigateur Web<\/li>\n<li>des informations sur le type et la version de votre syst\u00e8me d\u2019exploitation<\/li>\n<li>source de r\u00e9f\u00e9rence (r\u00e9f\u00e9rent)<\/li>\n<li>date et heure de vos actions sur notre site internet<\/li>\n<li>heures de visite, pages vues, navigation sur le site Web et autres activit\u00e9s de navigation associ\u00e9es<\/li>\n<\/ul>\n<h3>Quand nous recueillons des informations<\/h3>\n<p>Nous pouvons collecter des informations aupr\u00e8s de vous pour une ou plusieurs des raisons suivantes lors de transactions de service avec nous:<\/p>\n<ul>\n<li>lors de l\u2019utilisation de notre site Web<\/li>\n<li>lors de l\u2019inscription \u00e0 notre newsletter<\/li>\n<li>lors du remplissage d\u2019un formulaire<\/li>\n<li>lorsque vous nous fournissez des commentaires<\/li>\n<li>lorsque vous soumettez des informations sur notre site Web de toute autre mani\u00e8re ou<\/li>\n<li>lorsque vous nous fournissez des informations en utilisant tout autre support \u00e9lectronique.<\/li>\n<\/ul>\n<h3>Comment nous utilisons vos informations<\/h3>\n<p>Nous pouvons utiliser les informations que nous recueillons aupr\u00e8s de vous pour une ou plusieurs des raisons suivantes:<\/p>\n<ul>\n<li>ajustez votre exp\u00e9rience<\/li>\n<li>pour am\u00e9liorer notre site Web<\/li>\n<li>pour te servir<\/li>\n<li>pour vous demander des commentaires<\/li>\n<li>pour vous faire part de nos actualit\u00e9s ou de nos offres et services susceptibles de vous int\u00e9resser<\/li>\n<li>pour des raisons de s\u00e9curit\u00e9<\/li>\n<\/ul>\n<h3>Comment nous prot\u00e9geons vos informations<\/h3>\n<p>Nous nous engageons \u00e0 garantir la s\u00e9curit\u00e9 des informations que vous nous fournissez. Afin d\u2019\u00e9viter tout acc\u00e8s non autoris\u00e9 ou toute fuite, nous avons mis en place des proc\u00e9dures physiques, \u00e9lectroniques et de gestion appropri\u00e9es pour prot\u00e9ger les informations que nous collectons, telles que, entre autres:<\/p>\n<ul>\n<li>analyse r\u00e9guli\u00e8re des logiciels malveillants<\/li>\n<li>Pare-feu d\u2019application Web et pare-feu r\u00e9seau<\/li>\n<li>Cryptage SSL (Secure Socket Layer) 128 bits<\/li>\n<li>m\u00e9canismes d\u2019autorisation et d\u2019authentification<\/li>\n<li>les transactions \u00e9conomiques sont trait\u00e9es par des fournisseurs de services de passerelle de paiement tiers approuv\u00e9s et reconnus internationalement et les donn\u00e9es de transaction ne sont pas stock\u00e9es ou trait\u00e9es sur nos serveurs<\/li>\n<\/ul>\n<p>Vos informations personnelles sont contenues dans des r\u00e9seaux s\u00e9curis\u00e9s et ne sont accessibles que par un nombre limit\u00e9 de personnes qui ont des droits d\u2019acc\u00e8s sp\u00e9ciaux \u00e0 ces syst\u00e8mes et sont tenues de garder les informations confidentielles. Nous mettons en \u0153uvre une vari\u00e9t\u00e9 de mesures de s\u00e9curit\u00e9 lorsque vous entrez, soumettez ou acc\u00e9dez \u00e0 vos informations pour maintenir la s\u00e9curit\u00e9 de vos informations personnelles.<\/p>\n<h3>Cookies et technologie de suivi<\/h3>\n<p>Nous utilisons des cookies pour vous fournir des services afin que vous puissiez avoir une exp\u00e9rience de navigation de haute qualit\u00e9 ou mieux comprendre comment nous pouvons am\u00e9liorer notre site Web et nos services. Les services tiers suppl\u00e9mentaires que notre site Web utilise peuvent utiliser des cookies ou une autre technologie de suivi. Pour plus d\u2019informations sur l\u2019utilisation des cookies et de la technologie de suivi, lisez notre politique en mati\u00e8re de<strong>\u00a0cookies.<\/strong><\/p>\n<h3>Divulgation par des tiers<\/h3>\n<p>Nous ne vendons, n\u2019\u00e9changeons ou ne transf\u00e9rons pas vos donn\u00e9es personnelles \u00e0 des tiers, sauf si nous avons votre autorisation explicite ou si la loi l\u2019exige. Cela n\u2019inclut pas les partenaires d\u2019h\u00e9bergement de sites Web et les autres parties qui nous aident \u00e0 exploiter notre site Web ou d\u2019autres syst\u00e8mes, \u00e0 mener nos activit\u00e9s ou \u00e0 servir nos utilisateurs, \u00e0 condition que ces parties acceptent de garder ces informations confidentielles. Cependant, des informations de visiteur non personnellement identifiables peuvent \u00eatre fournies \u00e0 d\u2019autres parties \u00e0 des fins de marketing, de publicit\u00e9 ou d\u2019autres utilisations.<\/p>\n<h3>Liens tiers<\/h3>\n<p>Notre site Web peut contenir des liens vers d\u2019autres sites Web. Ceux-ci peuvent ou non \u00eatre affili\u00e9s \u00e0 nous. Nous n\u2019avons aucun contr\u00f4le sur les sites Web externes, par cons\u00e9quent, le fait de cliquer sur un lien qui vous am\u00e8ne \u00e0 visiter un site Web externe entra\u00eenera la non-application de cette politique de confidentialit\u00e9. Nous ne pouvons \u00eatre tenus responsables de la protection et de la confidentialit\u00e9 des informations que vous pourriez fournir volontairement ou inexplicablement lors de la visite de ces sites Web.<\/p>\n<h3>Services tiers<\/h3>\n<p>Notre site Web utilise des fournisseurs de services tiers qui peuvent d\u00e9finir des cookies ou collecter des donn\u00e9es pour vous, telles que (mais sans s\u2019y limiter) l\u2019adresse IP, les informations du navigateur, les informations du syst\u00e8me d\u2019exploitation ou d\u2019autres types d\u2019informations. Des fournisseurs tiers peuvent vous identifier avec des donn\u00e9es suppl\u00e9mentaires que vous avez fournies volontairement ou non en utilisant leurs services exclusifs (par exemple Google \u2013 Email \/ YouTube, Facebook, Twitter, etc.). Il vous appartient de consulter les politiques officielles des services respectifs et de vous assurer que vous les acceptez lorsque vous utilisez ce site Web.<\/p>\n<p>Pour plus d\u2019informations, veuillez lire la section \u00abServices tiers utilis\u00e9s par notre site Web\u00bb.<\/p>\n<h3>Contr\u00f4le de vos informations personnelles<\/h3>\n<p>Si vous souhaitez conna\u00eetre des donn\u00e9es personnelles que nous pouvons avoir \u00e0 votre sujet, vous pouvez nous contacter \u00e0 tout moment. Si vous constatez que l\u2019une des informations que nous d\u00e9tenons pour vous est incorrecte ou incompl\u00e8te, si vous ne pouvez pas la modifier vous-m\u00eame, veuillez nous contacter d\u00e8s que possible pour prendre les mesures n\u00e9cessaires. Si vous souhaitez supprimer un sous-ensemble ou l\u2019ensemble des donn\u00e9es que nous d\u00e9tenons pour vous ou si vous souhaitez cesser tout traitement de vos donn\u00e9es par nos soins, vous pouvez nous contacter \u00e0 tout moment pour prendre les mesures n\u00e9cessaires. Veuillez noter que si vous nous contactez pour l\u2019une des raisons susmentionn\u00e9es, la mesure dans laquelle nous pouvons vous servir peut \u00eatre limit\u00e9e par la loi. De plus, nous pouvons vous demander des informations suppl\u00e9mentaires pour vous identifier avant de proc\u00e9der \u00e0 toute action.<\/p>\n<h2>Politique relative aux cookies<\/h2>\n<p><strong>Derni\u00e8re mise \u00e0 jour<\/strong>: 08\/03\/2023<\/p>\n<p>Ce site est la propri\u00e9t\u00e9 de\u00a0<strong>VASILEIOS PANTELIS K SIA OE<\/strong>\u00a0bas\u00e9 en Gr\u00e8ce et l\u00e9galement repr\u00e9sent\u00e9 par VATIN\u00a0<strong>081328434<\/strong>.<\/p>\n<p>Par souci de simplicit\u00e9, cette politique de confidentialit\u00e9 fait r\u00e9f\u00e9rence au propri\u00e9taire de ce site Web comme un premier pluriel (\u00abnous\u00bb, \u00able n\u00f4tre\u00bb, etc.) et fait r\u00e9f\u00e9rence \u00e0 la personne qui lit cette politique de confidentialit\u00e9 \u00e0 la premi\u00e8re personne (\u00abvous\u00bb , \u00abV\u00f4tre\u00bb, etc.).<\/p>\n<p>Cette politique de cookies est con\u00e7ue pour mieux servir les utilisateurs int\u00e9ress\u00e9s par la mani\u00e8re dont les cookies sont utilis\u00e9s sur Internet et d\u00e9termine comment nous utilisons les cookies via ce site Web. Si vous continuez \u00e0 utiliser ce site Web, vous consentez \u00e0 l\u2019utilisation de cookies.<\/p>\n<p>Nous pouvons modifier cette politique de cookies en tant que de besoin. Il est de votre responsabilit\u00e9 de revoir p\u00e9riodiquement cette politique de cookies pour vous assurer que vous acceptez tout changement.<\/p>\n<h3>Que sont les cookies?<\/h3>\n<p>Les cookies sont de petits fichiers texte qui sont stock\u00e9s sur votre ordinateur par votre navigateur Web lorsque vous consultez un site Web. Cela permet au site Web que vous avez visit\u00e9 de m\u00e9moriser les donn\u00e9es vous concernant qui sont n\u00e9cessaires \u00e0 des fins de service (par exemple, connexion automatique \u00e0 votre compte ou fonctionnalit\u00e9 de panier), \u00e0 la collecte de statistiques ou \u00e0 d\u2019autres utilisations d\u00e9pendant du site Web.<\/p>\n<p>Les cookies peuvent \u00eatre stock\u00e9s temporairement sur votre ordinateur aussi longtemps que vous utilisez un site Web jusqu\u2019\u00e0 ce que vous fermiez votre navigateur Web (cookie de session) ou pour une p\u00e9riode plus longue (cookie persistant) qui d\u00e9pend du site Web qui d\u00e9finit les cookies et de la nature particuli\u00e8re \u2013 la raison pour chaque cookie.<\/p>\n<p>Lorsque vous visitez un site Web, il est possible pour votre navigateur de d\u00e9finir des cookies tiers en raison de l\u2019utilisation de leurs services par le site Web que vous avez visit\u00e9, tels que les services de collecte de statistiques, la liaison de sites Web de r\u00e9seaux sociaux,<\/p>\n<p>Notre site Web ne peut pas lire les informations contenues dans les cookies d\u00e9finis par des sites Web tiers autres que les informations explicitement d\u00e9finies par notre site Web.<\/p>\n<h3>Cat\u00e9gories de cookies pouvant \u00eatre d\u00e9finies par notre site Web<\/h3>\n<p>Nous s\u00e9parons les cookies stock\u00e9s par votre navigateur Web en utilisant notre site Web dans les cat\u00e9gories suivantes:<\/p>\n<h4>Cookies de base<\/h4>\n<p>Il s\u2019agit de cookies n\u00e9cessaires au fonctionnement de base de notre site Web et des services fournis. Ils sont automatiquement d\u00e9finis lorsque vous visitez notre site Web. Ils peuvent \u00e9galement \u00eatre d\u00e9finis au fur et \u00e0 mesure que vous utilisez notre site Web en fonction des besoins \/ du contenu \/ du service offert par la sous-page ou l\u2019action que vous entreprenez.<\/p>\n<h4>Pr\u00e9f\u00e9rences et cookies de fonctionnalit\u00e9s suppl\u00e9mentaires<\/h4>\n<p>Ce sont des cookies qui conservent des informations sur les pr\u00e9f\u00e9rences et les fonctionnalit\u00e9s suppl\u00e9mentaires dont vous b\u00e9n\u00e9ficiez sur notre site Web ou sur des fournisseurs de services tiers que notre site Web utilise. Les restreindre peut diminuer la fonctionnalit\u00e9 de notre site Web<\/p>\n<h4>Cookies statistiques et de performance<\/h4>\n<p>Ce sont des cookies associ\u00e9s \u00e0 la collecte de statistiques sur notre site Web pour am\u00e9liorer nos services. Ils sont automatiquement d\u00e9finis lorsque vous visitez notre site Web et leur pr\u00e9vention n\u2019affecte pas le bon fonctionnement de notre site Web.<\/p>\n<h4>Cookies publicitaires<\/h4>\n<p>Ce sont des cookies de collecte de donn\u00e9es con\u00e7us pour vous montrer des publicit\u00e9s plus pertinentes en fonction de vos int\u00e9r\u00eats.<\/p>\n<h3>\u00c0 propos des cookies tiers et de la technologie de suivi<\/h3>\n<p>Nous utilisons des services tiers pour les fonctionnalit\u00e9s de notre site Web, pour une meilleure exp\u00e9rience utilisateur, les services fournis et la collecte de statistiques. Les fournisseurs tiers peuvent utiliser des cookies ou d\u2019autres technologies de suivi (telles que des balises Web, des pixels de suivi, etc.).<\/p>\n<p>En aucun cas, les donn\u00e9es personnelles permettant de vous identifier en tant que coordonn\u00e9es ou autres informations ne seront transmises \u00e0 des fournisseurs tiers. N\u00e9anmoins, des fournisseurs tiers peuvent vous identifier \u00e0 l\u2019aide de donn\u00e9es suppl\u00e9mentaires que vous avez fournies volontairement ou non en utilisant leurs services exclusifs (par exemple Google \u2013 Email \/ YouTube, Facebook, Twitter, etc.).<\/p>\n<p>Les politiques relatives aux cookies tiers et aux technologies de suivi (telles que Facebook, Twitter, Google Analytics, Google Maps, YouTube, etc.) sont de la seule responsabilit\u00e9 des fournisseurs de services respectifs et vous devez \u00eatre inform\u00e9 sur les sites Web officiels du service respectif. fournisseurs.<\/p>\n<h3>Services tiers de notre site Web utilisant des cookies<\/h3>\n<p>Les services tiers utilis\u00e9s par notre site Web dans chacune des cat\u00e9gories d\u2019utilisation des cookies sont les suivants:<\/p>\n<ul>\n<li>Google Analytics (statistiques et cookies de performance)<\/li>\n<li>Google Maps (pr\u00e9f\u00e9rences et cookies de fonctionnalit\u00e9s suppl\u00e9mentaires)<\/li>\n<li>CloudFlare (cookies de base)<\/li>\n<\/ul>\n<p>Pour plus d\u2019informations, veuillez lire la section\u00a0<strong>\u201cServices tiers utilis\u00e9s par notre site Web\u201d<\/strong><\/p>\n<h3>Comment g\u00e9rer, supprimer et d\u00e9sactiver les cookies?<\/h3>\n<p>Pour g\u00e9rer, supprimer ou d\u00e9sactiver les cookies d\u00e9finis par le navigateur Web en raison de votre utilisation de notre site Web, vous devrez ajuster votre navigateur. Cependant, le bon fonctionnement des services offerts par notre site Web peut s\u2019arr\u00eater ou peut-\u00eatre que vous ne disposez pas de la meilleure exp\u00e9rience utilisateur. Vous pouvez trouver plus d\u2019informations sur la configuration de votre navigateur en utilisant le menu Aide qu\u2019il propose. Voici une liste de guides sur la fa\u00e7on de proc\u00e9der pour les logiciels de navigation populaires:<\/p>\n<ul>\n<li><a title=\"https:\/\/support.google.com\/chrome\/answer\/95647?hl=en\" role=\"link\" href=\"https:\/\/support.google.com\/chrome\/answer\/95647?hl=en\" target=\"_blank\" rel=\"noopener\">Google Chrome<\/a><\/li>\n<li><a title=\"https:\/\/support.mozilla.org\/en-US\/kb\/cookies-information-websites-store-on-your-computer\" role=\"link\" href=\"https:\/\/support.mozilla.org\/en-US\/kb\/cookies-information-websites-store-on-your-computer\" target=\"_blank\" rel=\"noopener\">Mozilla Firefox<\/a><\/li>\n<li><a title=\"https:\/\/privacy.microsoft.com\/en-us\/windows-10-microsoft-edge-and-privacy\" role=\"link\" href=\"https:\/\/privacy.microsoft.com\/en-us\/windows-10-microsoft-edge-and-privacy\" target=\"_blank\" rel=\"noopener\">Microsoft Edge<\/a><\/li>\n<li><a title=\"https:\/\/support.microsoft.com\/en-gb\/help\/17442\/windows-internet-explorer-delete-manage-cookies\" role=\"link\" href=\"https:\/\/support.microsoft.com\/en-gb\/help\/17442\/windows-internet-explorer-delete-manage-cookies\" target=\"_blank\" rel=\"noopener\">Microsoft Internet Explorer<\/a><\/li>\n<li><a title=\"https:\/\/help.opera.com\/en\/latest\/security-and-privacy\" role=\"link\" href=\"https:\/\/help.opera.com\/en\/latest\/security-and-privacy\" target=\"_blank\" rel=\"noopener\">Opera<\/a><\/li>\n<li><a title=\"https:\/\/help.vivaldi.com\/article\/cookies\/\" role=\"link\" href=\"https:\/\/help.vivaldi.com\/article\/cookies\/\" target=\"_blank\" rel=\"noopener\">Vivaldi<\/a><\/li>\n<li><a title=\"https:\/\/support.apple.com\/en-gb\/guide\/safari\/manage-cookies-and-website-data-sfri11471\/mac\" role=\"link\" href=\"https:\/\/support.apple.com\/en-gb\/guide\/safari\/manage-cookies-and-website-data-sfri11471\/mac\" target=\"_blank\" rel=\"noopener\">Safari for macOS<\/a><\/li>\n<li><a title=\"https:\/\/support.apple.com\/en-gb\/HT201265\" role=\"link\" href=\"https:\/\/support.apple.com\/en-gb\/HT201265\" target=\"_blank\" rel=\"noopener\">Safari for iOS<\/a><\/li>\n<\/ul>\n<h3>Services tiers utilis\u00e9s par notre site Web<\/h3>\n<p>Notre site Web utilise des services tiers pour les raisons d\u00e9crites dans la politique de confidentialit\u00e9 et de cookies de notre site Web. Cette section fournit plus d\u2019informations sur les services tiers utilis\u00e9s par notre site Web ainsi que des liens vers leurs politiques officielles et \/ ou les moyens de choisir des options pour votre vie priv\u00e9e en relation avec les fournisseurs de services concern\u00e9s:<\/p>\n<ul>\n<li><a title=\"https:\/\/policies.google.com\/privacy\" role=\"link\" href=\"https:\/\/policies.google.com\/privacy\" target=\"_blank\" rel=\"noopener\">Google Analytics<\/a><\/li>\n<li><a title=\"https:\/\/policies.google.com\/privacy\" role=\"link\" href=\"https:\/\/policies.google.com\/privacy\" target=\"_blank\" rel=\"noopener\">Google Maps<\/a><\/li>\n<li><a title=\"https:\/\/www.cloudflare.com\/privacypolicy\" role=\"link\" href=\"https:\/\/www.cloudflare.com\/privacypolicy\" target=\"_blank\" rel=\"noopener\">CloudFlare<\/a><\/li>\n<\/ul>\n<\/div>\n<\/div>\n\t\t<\/div>\n\t\t[\/vc_column][\/vc_row]<\/p>\n<\/section>","protected":false},"excerpt":{"rendered":"<p>[vc_row full_width=&#8221;stretch_row&#8221; el_class=&#8221;page-section section1&#8243; woodmart_css_id=&#8221;62503a78815cb&#8221; responsive_spacing=&#8221;eyJwYXJhbV90eXBlIjoid29vZG1hcnRfcmVzcG9uc2l2ZV9zcGFjaW5nIiwic2VsZWN0b3JfaWQiOiI2MjUwM2E3ODgxNWNiIiwic2hvcnRjb2RlIjoidmNfcm93IiwiZGF0YSI6eyJ0YWJsZXQiOnt9LCJtb2JpbGUiOnt9fX0=&#8221; mobile_bg_img_hidden=&#8221;no&#8221; tablet_bg_img_hidden=&#8221;no&#8221; woodmart_parallax=&#8221;0&#8243; woodmart_gradient_switch=&#8221;no&#8221; woodmart_box_shadow=&#8221;no&#8221; wd_z_index=&#8221;no&#8221; woodmart_disable_overflow=&#8221;0&#8243; row_reverse_mobile=&#8221;0&#8243; row_reverse_tablet=&#8221;0&#8243; css=&#8221;.vc_custom_1649425020422{background-color: #c9dadd !important;}&#8221;][vc_column width=&#8221;5\/6&#8243; css=&#8221;.vc_custom_1678441498487{padding-top:<\/p>\n","protected":false},"author":2,"featured_media":0,"parent":0,"menu_order":0,"comment_status":"closed","ping_status":"closed","template":"","meta":{"footnotes":""},"class_list":["post-3208","page","type-page","status-publish","hentry"],"_links":{"self":[{"href":"https:\/\/sikia-apartments.gr\/fr\/wp-json\/wp\/v2\/pages\/3208","targetHints":{"allow":["GET"]}}],"collection":[{"href":"https:\/\/sikia-apartments.gr\/fr\/wp-json\/wp\/v2\/pages"}],"about":[{"href":"https:\/\/sikia-apartments.gr\/fr\/wp-json\/wp\/v2\/types\/page"}],"author":[{"embeddable":true,"href":"https:\/\/sikia-apartments.gr\/fr\/wp-json\/wp\/v2\/users\/2"}],"replies":[{"embeddable":true,"href":"https:\/\/sikia-apartments.gr\/fr\/wp-json\/wp\/v2\/comments?post=3208"}],"version-history":[{"count":3,"href":"https:\/\/sikia-apartments.gr\/fr\/wp-json\/wp\/v2\/pages\/3208\/revisions"}],"predecessor-version":[{"id":3325,"href":"https:\/\/sikia-apartments.gr\/fr\/wp-json\/wp\/v2\/pages\/3208\/revisions\/3325"}],"wp:attachment":[{"href":"https:\/\/sikia-apartments.gr\/fr\/wp-json\/wp\/v2\/media?parent=3208"}],"curies":[{"name":"wp","href":"https:\/\/api.w.org\/{rel}","templated":true}]}}